{"id":1467,"date":"2021-03-03T19:24:36","date_gmt":"2021-03-03T18:24:36","guid":{"rendered":"http:\/\/piotrawin.sp-kamien.pl\/?page_id=1467"},"modified":"2021-03-04T12:12:20","modified_gmt":"2021-03-04T11:12:20","slug":"dzien-babci-i-dziadka","status":"publish","type":"page","link":"https:\/\/piotrawin.sp-kamien.pl\/index.php\/przedszkole\/fotorelacje-z-przedszkola\/dzien-babci-i-dziadka\/","title":{"rendered":"Dzie\u0144 Babci i Dziadka"},"content":{"rendered":"<h5><strong>PAMI\u0118TAMY O DNIU BABCI I DNIU DZIADKA<\/strong><\/h5>\n<p>\u015awiat si\u0119 zmienia, ale jedno si\u0119 nie zmienia \u2013 mi\u0142o\u015b\u0107 dziadk\u00f3w do wnucz\u0105t. I w\u0142a\u015bnie za t\u0119 mi\u0142o\u015b\u0107 dzieci z oddzia\u0142u przedszkolnego podzi\u0119kowa\u0142y w spos\u00f3b wyj\u0105tkowy, bo \u0142\u0105cz\u0105cy tradycj\u0119 z nowoczesn\u0105 technologi\u0105. Po pierwsze przedszkolaki wykona\u0142y w\u0142asnor\u0119cznie laurki z dedykacj\u0105 i w\u0142asnym podpisem. Po drugie \u2013 przygotowa\u0142y si\u0119 do kr\u00f3tkiej cz\u0119\u015bci artystycznej. Po trzecie \u2013 uczestniczy\u0142y w kilku pr\u00f3bnych nagraniach programu, stykaj\u0105c si\u0119 w ten spos\u00f3b z trudn\u0105 sztuk\u0105 filmowania. I chocia\u017c pomy\u0142ek nie by\u0142o ko\u0144ca, a rozbawienie nimi nie pozwoli\u0142o dzieciakom dobrze si\u0119 skupi\u0107 i zapami\u0119ta\u0107 wszystkich uwag \u201ere\u017cysera\u201d i \u201ekamerzysty\u201d, to i tak da\u0142y rad\u0119, bo osi\u0105gn\u0119\u0142y cel. Nagrany zosta\u0142 film, kt\u00f3rego przes\u0142anie jest jedno: wyrazi\u0107 gor\u0105ce uczucia i najserdeczniejsze \u017cyczenia Babciom i Dziadkom oraz wycisn\u0105\u0107 \u0142ezk\u0119 rado\u015bci z ich oczu. Sk\u0105din\u0105d wiemy, \u017ce tak si\u0119 sta\u0142o. Wzruszone Babcie i Dziadkowie docenili trud artyst\u00f3w, kt\u00f3rym nie braknie odwagi, aby wyst\u0105pi\u0107 w d\u0142ugometra\u017cowym filmie.<\/p>\n<p>Naszym zdaniem filmowa realizacja kr\u00f3tkiej cz\u0119\u015bci artystycznej by\u0142a najbezpieczniejsz\u0105 form\u0105 przekazu intencji dzieci w okresie pandemii.<\/p>\n<p>Dzi\u0119kujemy Rodzicom za udost\u0119pnienie filmu naszym drogim Babciom i Dziadkom.<\/p>\n<p>&nbsp;<\/p>\n<p style=\"text-align: right;\">Wychowawczyni Aleksandra Pogoda<\/p>\n<!-- Final Tiles Grid Gallery for WordPress v3.6.13 free --><style>#ftg-3838 .tile .icon { color:#ffffff; }#ftg-3838 .ftg-items .loading-bar i { background:#666; }#ftg-3838 .ftg-items .loading-bar { background:#fff; }#ftg-3838 .tile .icon { font-size:12px; }#ftg-3838 .tile .icon { margin: -6px 0 0 -6px; }#ftg-3838 .tile .caption-block .text-wrapper span.text { font-size:12px; }#ftg-3838 .tile .caption-outside .text-wrapper span.text { font-size:12px; }#ftg-3838 .tile .caption-block .text-wrapper span.title { font-size:14px; }#ftg-3838 .tile .caption-outside .text-wrapper span.title { font-size:14px; }#ftg-3838 .tile { background-color: transparent; }#ftg-3838 .tile .caption-block .text-wrapper span.text { color: #ffffff; }#ftg-3838 .tile .caption-block .text-wrapper span.title { color: #ffffff; }#ftg-3838 .tile .caption-outside .text-wrapper span.text { color: #ffffff; }#ftg-3838 .tile .caption-outside .text-wrapper span.title { color: #ffffff; }#ftg-3838 .tile .ftg-social a { color: #ffffff; }#ftg-3838 .tile .caption-block { transition-timing-function:linear; }#ftg-3838 .tile .caption-block { transition-duration:0.25s; }#ftg-3838 .tile .tile-inner:before { background-color: #000000; }#ftg-3838 .tile .tile-inner:before { background-color: rgba(0, 0, 0, 0.8); }<\/style><a name=\"38\"><\/a><div class=\"final-tiles-gallery  ftg-hover-enabled caption-inside  caption-none caption-middle caption-center\" id=\"ftg-3838\" style=\"width: 100%\"><div class='ftg-items'><div class='loading-bar'><i><\/i><\/div><div  class='tile ftg-preload  '><a title=\"to masze laurki\" data-lightbox='ftg-3838' rel='ftg-3838'  class=' tile-inner  ftg-lightbox' href='https:\/\/piotrawin.sp-kamien.pl\/wp-content\/uploads\/2021\/03\/to-masze-laurki-rotated-e1614796301176.jpg' ><img alt='to masze laurki' class='item skip-lazy' data-class='item' data-ftg-source='http:\/\/piotrawin.sp-kamien.pl\/wp-content\/uploads\/2021\/03\/to-masze-laurki-rotated-e1614796301176.jpg' src='http:\/\/piotrawin.sp-kamien.pl\/wp-content\/uploads\/2021\/03\/to-masze-laurki-rotated-e1614796301176.jpg' width='389' height='800' \/><span class='icon fa fa-zoom'><\/span><div class='caption-block'><div class='text-wrapper'><span class='title'>to masze laurki<\/span><\/div><\/div><\/a><div class='ftg-social'><\/div><\/div><div  class='tile ftg-preload  '><a title=\"scena filmowa\" data-lightbox='ftg-3838' rel='ftg-3838'  class=' tile-inner  ftg-lightbox' href='https:\/\/piotrawin.sp-kamien.pl\/wp-content\/uploads\/2021\/03\/scena-filmowa-rotated.jpg' ><img alt='scena filmowa' class='item skip-lazy' data-class='item' data-ftg-source='http:\/\/piotrawin.sp-kamien.pl\/wp-content\/uploads\/2021\/03\/scena-filmowa-rotated.jpg' src='http:\/\/piotrawin.sp-kamien.pl\/wp-content\/uploads\/2021\/03\/scena-filmowa-rotated.jpg' width='389' height='800' \/><span class='icon fa fa-zoom'><\/span><div class='caption-block'><div class='text-wrapper'><span class='title'>scena filmowa<\/span><\/div><\/div><\/a><div class='ftg-social'><\/div><\/div><div  class='tile ftg-preload  '><a title=\"przygotowujemy laurki\" data-lightbox='ftg-3838' rel='ftg-3838'  class=' tile-inner  ftg-lightbox' href='https:\/\/piotrawin.sp-kamien.pl\/wp-content\/uploads\/2021\/03\/przygotowujemy-laurki-rotated-e1614796311608.jpg' ><img alt='przygotowujemy laurki' class='item skip-lazy' data-class='item' data-ftg-source='http:\/\/piotrawin.sp-kamien.pl\/wp-content\/uploads\/2021\/03\/przygotowujemy-laurki-rotated-e1614796311608.jpg' src='http:\/\/piotrawin.sp-kamien.pl\/wp-content\/uploads\/2021\/03\/przygotowujemy-laurki-rotated-e1614796311608.jpg' width='389' height='800' \/><span class='icon fa fa-zoom'><\/span><div class='caption-block'><div class='text-wrapper'><span class='title'>przygotowujemy laurki<\/span><\/div><\/div><\/a><div class='ftg-social'><\/div><\/div><div  class='tile ftg-preload  '><a title=\"nasze laurki\" data-lightbox='ftg-3838' rel='ftg-3838'  class=' tile-inner  ftg-lightbox' href='https:\/\/piotrawin.sp-kamien.pl\/wp-content\/uploads\/2021\/03\/nasze-laurki-rotated-e1614796320928.jpg' ><img alt='nasze laurki' class='item skip-lazy' data-class='item' data-ftg-source='http:\/\/piotrawin.sp-kamien.pl\/wp-content\/uploads\/2021\/03\/nasze-laurki-rotated-e1614796320928.jpg' src='http:\/\/piotrawin.sp-kamien.pl\/wp-content\/uploads\/2021\/03\/nasze-laurki-rotated-e1614796320928.jpg' width='389' height='800' \/><span class='icon fa fa-zoom'><\/span><div class='caption-block'><div class='text-wrapper'><span class='title'>nasze laurki<\/span><\/div><\/div><\/a><div class='ftg-social'><\/div><\/div><\/div><\/div>\n","protected":false},"excerpt":{"rendered":"<p>PAMI\u0118TAMY O DNIU BABCI I DNIU DZIADKA \u015awiat si\u0119 zmienia, ale jedno si\u0119 nie zmienia \u2013 mi\u0142o\u015b\u0107 dziadk\u00f3w do wnucz\u0105t. I w\u0142a\u015bnie za t\u0119 mi\u0142o\u015b\u0107 dzieci z oddzia\u0142u przedszkolnego podzi\u0119kowa\u0142y w spos\u00f3b wyj\u0105tkowy, bo \u0142\u0105cz\u0105cy tradycj\u0119 z nowoczesn\u0105 technologi\u0105. Po pierwsze przedszkolaki wykona\u0142y w\u0142asnor\u0119cznie laurki z dedykacj\u0105 i w\u0142asnym podpisem. Po drugie \u2013 przygotowa\u0142y si\u0119 [&hellip;]<\/p>\n","protected":false},"author":1,"featured_media":0,"parent":1536,"menu_order":2,"comment_status":"closed","ping_status":"closed","template":"","meta":{"ngg_post_thumbnail":0,"footnotes":""},"class_list":["post-1467","page","type-page","status-publish","hentry"],"_links":{"self":[{"href":"https:\/\/piotrawin.sp-kamien.pl\/index.php\/wp-json\/wp\/v2\/pages\/1467","targetHints":{"allow":["GET"]}}],"collection":[{"href":"https:\/\/piotrawin.sp-kamien.pl\/index.php\/wp-json\/wp\/v2\/pages"}],"about":[{"href":"https:\/\/piotrawin.sp-kamien.pl\/index.php\/wp-json\/wp\/v2\/types\/page"}],"author":[{"embeddable":true,"href":"https:\/\/piotrawin.sp-kamien.pl\/index.php\/wp-json\/wp\/v2\/users\/1"}],"replies":[{"embeddable":true,"href":"https:\/\/piotrawin.sp-kamien.pl\/index.php\/wp-json\/wp\/v2\/comments?post=1467"}],"version-history":[{"count":2,"href":"https:\/\/piotrawin.sp-kamien.pl\/index.php\/wp-json\/wp\/v2\/pages\/1467\/revisions"}],"predecessor-version":[{"id":1473,"href":"https:\/\/piotrawin.sp-kamien.pl\/index.php\/wp-json\/wp\/v2\/pages\/1467\/revisions\/1473"}],"up":[{"embeddable":true,"href":"https:\/\/piotrawin.sp-kamien.pl\/index.php\/wp-json\/wp\/v2\/pages\/1536"}],"wp:attachment":[{"href":"https:\/\/piotrawin.sp-kamien.pl\/index.php\/wp-json\/wp\/v2\/media?parent=1467"}],"curies":[{"name":"wp","href":"https:\/\/api.w.org\/{rel}","templated":true}]}}